{"id":3842,"date":"2022-08-24T13:28:29","date_gmt":"2022-08-24T11:28:29","guid":{"rendered":"http:\/\/needtohear.cz\/domains\/needtohear.cz\/?page_id=3842"},"modified":"2026-02-18T12:33:07","modified_gmt":"2026-02-18T11:33:07","slug":"spolupracujeme","status":"publish","type":"page","link":"https:\/\/needtohear.cz\/domains\/needtohear.cz\/spolupracujeme\/","title":{"rendered":"Spolupracujeme"},"content":{"rendered":"\t\t<div data-elementor-type=\"wp-page\" data-elementor-id=\"3842\" class=\"elementor elementor-3842\">\n\t\t\t\t\t\t<section class=\"elementor-section elementor-top-section elementor-element elementor-element-92bd231 elementor-section-content-middle elementor-section-boxed elementor-section-height-default elementor-section-height-default\" data-id=\"92bd231\" data-element_type=\"section\">\n\t\t\t\t\t\t<div class=\"elementor-container elementor-column-gap-default\">\n\t\t\t\t\t<div class=\"elementor-column elementor-col-33 elementor-top-column elementor-element elementor-element-09f9fa8\" data-id=\"09f9fa8\" data-element_type=\"column\">\n\t\t\t<div class=\"elementor-widget-wrap elementor-element-populated\">\n\t\t\t\t\t\t<div class=\"elementor-element elementor-element-095bfde elementor-widget elementor-widget-image\" data-id=\"095bfde\" data-element_type=\"widget\" data-settings=\"{&quot;_animation&quot;:&quot;none&quot;}\" data-widget_type=\"image.default\">\n\t\t\t\t<div class=\"elementor-widget-container\">\n\t\t\t\t\t\t\t\t\t\t\t\t\t\t\t<img fetchpriority=\"high\" decoding=\"async\" width=\"477\" height=\"296\" src=\"https:\/\/needtohear.cz\/domains\/needtohear.cz\/wp-content\/uploads\/2025\/09\/rfp_logo.png\" class=\"attachment-large size-large wp-image-9141\" alt=\"\" srcset=\"https:\/\/needtohear.cz\/domains\/needtohear.cz\/wp-content\/uploads\/2025\/09\/rfp_logo.png 477w, https:\/\/needtohear.cz\/domains\/needtohear.cz\/wp-content\/uploads\/2025\/09\/rfp_logo-300x186.png 300w\" sizes=\"100vw\" \/>\t\t\t\t\t\t\t\t\t\t\t\t\t\t\t<\/div>\n\t\t\t\t<\/div>\n\t\t\t\t\t<\/div>\n\t\t<\/div>\n\t\t\t\t<div class=\"elementor-column elementor-col-33 elementor-top-column elementor-element elementor-element-d168a69\" data-id=\"d168a69\" data-element_type=\"column\">\n\t\t\t<div class=\"elementor-widget-wrap elementor-element-populated\">\n\t\t\t\t\t\t<div class=\"elementor-element elementor-element-8594067 elementor-widget elementor-widget-image\" data-id=\"8594067\" data-element_type=\"widget\" data-widget_type=\"image.default\">\n\t\t\t\t<div class=\"elementor-widget-container\">\n\t\t\t\t\t\t\t\t\t\t\t\t\t\t\t<img decoding=\"async\" width=\"907\" height=\"100\" src=\"https:\/\/needtohear.cz\/domains\/needtohear.cz\/wp-content\/uploads\/2025\/09\/live_nation_logo-907x100.png\" class=\"attachment-large size-large wp-image-9142\" alt=\"\" srcset=\"https:\/\/needtohear.cz\/domains\/needtohear.cz\/wp-content\/uploads\/2025\/09\/live_nation_logo-907x100.png 907w, https:\/\/needtohear.cz\/domains\/needtohear.cz\/wp-content\/uploads\/2025\/09\/live_nation_logo-300x33.png 300w, https:\/\/needtohear.cz\/domains\/needtohear.cz\/wp-content\/uploads\/2025\/09\/live_nation_logo.png 1024w\" sizes=\"100vw\" \/>\t\t\t\t\t\t\t\t\t\t\t\t\t\t\t<\/div>\n\t\t\t\t<\/div>\n\t\t\t\t\t<\/div>\n\t\t<\/div>\n\t\t\t\t<div class=\"elementor-column elementor-col-33 elementor-top-column elementor-element elementor-element-4da85c1\" data-id=\"4da85c1\" data-element_type=\"column\">\n\t\t\t<div class=\"elementor-widget-wrap elementor-element-populated\">\n\t\t\t\t\t\t<div class=\"elementor-element elementor-element-a51cdea elementor-widget elementor-widget-image\" data-id=\"a51cdea\" data-element_type=\"widget\" data-widget_type=\"image.default\">\n\t\t\t\t<div class=\"elementor-widget-container\">\n\t\t\t\t\t\t\t\t\t\t\t\t\t\t\t<img decoding=\"async\" width=\"907\" height=\"550\" src=\"https:\/\/needtohear.cz\/domains\/needtohear.cz\/wp-content\/uploads\/2025\/09\/mighty_sounds_logo-907x550.png\" class=\"attachment-large size-large wp-image-9144\" alt=\"\" srcset=\"https:\/\/needtohear.cz\/domains\/needtohear.cz\/wp-content\/uploads\/2025\/09\/mighty_sounds_logo-907x550.png 907w, https:\/\/needtohear.cz\/domains\/needtohear.cz\/wp-content\/uploads\/2025\/09\/mighty_sounds_logo-300x182.png 300w, https:\/\/needtohear.cz\/domains\/needtohear.cz\/wp-content\/uploads\/2025\/09\/mighty_sounds_logo.png 1322w\" sizes=\"100vw\" \/>\t\t\t\t\t\t\t\t\t\t\t\t\t\t\t<\/div>\n\t\t\t\t<\/div>\n\t\t\t\t\t<\/div>\n\t\t<\/div>\n\t\t\t\t\t<\/div>\n\t\t<\/section>\n\t\t\t\t<section class=\"elementor-section elementor-top-section elementor-element elementor-element-9284e8d elementor-section-content-middle elementor-section-boxed elementor-section-height-default elementor-section-height-default\" data-id=\"9284e8d\" data-element_type=\"section\">\n\t\t\t\t\t\t<div class=\"elementor-container elementor-column-gap-default\">\n\t\t\t\t\t<div class=\"elementor-column elementor-col-33 elementor-top-column elementor-element elementor-element-35e6c8a\" data-id=\"35e6c8a\" data-element_type=\"column\">\n\t\t\t<div class=\"elementor-widget-wrap elementor-element-populated\">\n\t\t\t\t\t\t<div class=\"elementor-element elementor-element-3cb9fb9 elementor-widget elementor-widget-image\" data-id=\"3cb9fb9\" data-element_type=\"widget\" data-widget_type=\"image.default\">\n\t\t\t\t<div class=\"elementor-widget-container\">\n\t\t\t\t\t\t\t\t\t\t\t\t\t\t\t<img loading=\"lazy\" decoding=\"async\" width=\"733\" height=\"700\" src=\"https:\/\/needtohear.cz\/domains\/needtohear.cz\/wp-content\/uploads\/2025\/09\/obscure_promotion_logo-733x700.png\" class=\"attachment-large size-large wp-image-9145\" alt=\"\" srcset=\"https:\/\/needtohear.cz\/domains\/needtohear.cz\/wp-content\/uploads\/2025\/09\/obscure_promotion_logo-733x700.png 733w, https:\/\/needtohear.cz\/domains\/needtohear.cz\/wp-content\/uploads\/2025\/09\/obscure_promotion_logo-300x287.png 300w, https:\/\/needtohear.cz\/domains\/needtohear.cz\/wp-content\/uploads\/2025\/09\/obscure_promotion_logo.png 1001w\" sizes=\"100vw\" \/>\t\t\t\t\t\t\t\t\t\t\t\t\t\t\t<\/div>\n\t\t\t\t<\/div>\n\t\t\t\t\t<\/div>\n\t\t<\/div>\n\t\t\t\t<div class=\"elementor-column elementor-col-33 elementor-top-column elementor-element elementor-element-c5def47\" data-id=\"c5def47\" data-element_type=\"column\">\n\t\t\t<div class=\"elementor-widget-wrap elementor-element-populated\">\n\t\t\t\t\t\t<div class=\"elementor-element elementor-element-f2cfa16 elementor-widget elementor-widget-image\" data-id=\"f2cfa16\" data-element_type=\"widget\" data-widget_type=\"image.default\">\n\t\t\t\t<div class=\"elementor-widget-container\">\n\t\t\t\t\t\t\t\t\t\t\t\t\t\t\t<img loading=\"lazy\" decoding=\"async\" width=\"907\" height=\"350\" src=\"https:\/\/needtohear.cz\/domains\/needtohear.cz\/wp-content\/uploads\/2025\/09\/brutal_assault_logo-907x350.png\" class=\"attachment-large size-large wp-image-9146\" alt=\"\" srcset=\"https:\/\/needtohear.cz\/domains\/needtohear.cz\/wp-content\/uploads\/2025\/09\/brutal_assault_logo-907x350.png 907w, https:\/\/needtohear.cz\/domains\/needtohear.cz\/wp-content\/uploads\/2025\/09\/brutal_assault_logo-300x116.png 300w, https:\/\/needtohear.cz\/domains\/needtohear.cz\/wp-content\/uploads\/2025\/09\/brutal_assault_logo.png 1001w\" sizes=\"100vw\" \/>\t\t\t\t\t\t\t\t\t\t\t\t\t\t\t<\/div>\n\t\t\t\t<\/div>\n\t\t\t\t\t<\/div>\n\t\t<\/div>\n\t\t\t\t<div class=\"elementor-column elementor-col-33 elementor-top-column elementor-element elementor-element-f0d6aa2\" data-id=\"f0d6aa2\" data-element_type=\"column\">\n\t\t\t<div class=\"elementor-widget-wrap elementor-element-populated\">\n\t\t\t\t\t\t<div class=\"elementor-element elementor-element-a4bbaeb elementor-widget elementor-widget-image\" data-id=\"a4bbaeb\" data-element_type=\"widget\" data-widget_type=\"image.default\">\n\t\t\t\t<div class=\"elementor-widget-container\">\n\t\t\t\t\t\t\t\t\t\t\t\t\t\t\t<img loading=\"lazy\" decoding=\"async\" width=\"289\" height=\"77\" src=\"https:\/\/needtohear.cz\/domains\/needtohear.cz\/wp-content\/uploads\/2025\/09\/presscode_logo.png\" class=\"attachment-large size-large wp-image-9147\" alt=\"\" sizes=\"100vw\" \/>\t\t\t\t\t\t\t\t\t\t\t\t\t\t\t<\/div>\n\t\t\t\t<\/div>\n\t\t\t\t\t<\/div>\n\t\t<\/div>\n\t\t\t\t\t<\/div>\n\t\t<\/section>\n\t\t\t\t<section class=\"elementor-section elementor-top-section elementor-element elementor-element-ecf047a elementor-section-content-middle elementor-section-boxed elementor-section-height-default elementor-section-height-default\" data-id=\"ecf047a\" data-element_type=\"section\">\n\t\t\t\t\t\t<div class=\"elementor-container elementor-column-gap-default\">\n\t\t\t\t\t<div class=\"elementor-column elementor-col-33 elementor-top-column elementor-element elementor-element-9c1efa4\" data-id=\"9c1efa4\" data-element_type=\"column\">\n\t\t\t<div class=\"elementor-widget-wrap elementor-element-populated\">\n\t\t\t\t\t\t<div class=\"elementor-element elementor-element-61b3122 elementor-widget elementor-widget-image\" data-id=\"61b3122\" data-element_type=\"widget\" data-widget_type=\"image.default\">\n\t\t\t\t<div class=\"elementor-widget-container\">\n\t\t\t\t\t\t\t\t\t\t\t\t\t\t\t<img loading=\"lazy\" decoding=\"async\" width=\"701\" height=\"700\" src=\"https:\/\/needtohear.cz\/domains\/needtohear.cz\/wp-content\/uploads\/2025\/09\/pragokoncert_logo-701x700.png\" class=\"attachment-large size-large wp-image-9148\" alt=\"\" srcset=\"https:\/\/needtohear.cz\/domains\/needtohear.cz\/wp-content\/uploads\/2025\/09\/pragokoncert_logo-701x700.png 701w, https:\/\/needtohear.cz\/domains\/needtohear.cz\/wp-content\/uploads\/2025\/09\/pragokoncert_logo-300x300.png 300w, https:\/\/needtohear.cz\/domains\/needtohear.cz\/wp-content\/uploads\/2025\/09\/pragokoncert_logo-100x100.png 100w, https:\/\/needtohear.cz\/domains\/needtohear.cz\/wp-content\/uploads\/2025\/09\/pragokoncert_logo.png 1008w\" sizes=\"100vw\" \/>\t\t\t\t\t\t\t\t\t\t\t\t\t\t\t<\/div>\n\t\t\t\t<\/div>\n\t\t\t\t\t<\/div>\n\t\t<\/div>\n\t\t\t\t<div class=\"elementor-column elementor-col-33 elementor-top-column elementor-element elementor-element-4e13e36\" data-id=\"4e13e36\" data-element_type=\"column\">\n\t\t\t<div class=\"elementor-widget-wrap elementor-element-populated\">\n\t\t\t\t\t\t<div class=\"elementor-element elementor-element-b7c4993 elementor-widget elementor-widget-image\" data-id=\"b7c4993\" data-element_type=\"widget\" data-widget_type=\"image.default\">\n\t\t\t\t<div class=\"elementor-widget-container\">\n\t\t\t\t\t\t\t\t\t\t\t\t\t\t\t<img loading=\"lazy\" decoding=\"async\" width=\"275\" height=\"208\" src=\"https:\/\/needtohear.cz\/domains\/needtohear.cz\/wp-content\/uploads\/2025\/09\/rock_cafe_logo.png\" class=\"attachment-large size-large wp-image-9149\" alt=\"\" sizes=\"100vw\" \/>\t\t\t\t\t\t\t\t\t\t\t\t\t\t\t<\/div>\n\t\t\t\t<\/div>\n\t\t\t\t\t<\/div>\n\t\t<\/div>\n\t\t\t\t<div class=\"elementor-column elementor-col-33 elementor-top-column elementor-element elementor-element-217afbb\" data-id=\"217afbb\" data-element_type=\"column\">\n\t\t\t<div class=\"elementor-widget-wrap elementor-element-populated\">\n\t\t\t\t\t\t<div class=\"elementor-element elementor-element-56df818 elementor-widget elementor-widget-image\" data-id=\"56df818\" data-element_type=\"widget\" data-widget_type=\"image.default\">\n\t\t\t\t<div class=\"elementor-widget-container\">\n\t\t\t\t\t\t\t\t\t\t\t\t\t\t\t<img loading=\"lazy\" decoding=\"async\" width=\"457\" height=\"456\" src=\"https:\/\/needtohear.cz\/domains\/needtohear.cz\/wp-content\/uploads\/2025\/09\/summer_punk_party_volyne_logo.png\" class=\"attachment-large size-large wp-image-9150\" alt=\"\" srcset=\"https:\/\/needtohear.cz\/domains\/needtohear.cz\/wp-content\/uploads\/2025\/09\/summer_punk_party_volyne_logo.png 457w, https:\/\/needtohear.cz\/domains\/needtohear.cz\/wp-content\/uploads\/2025\/09\/summer_punk_party_volyne_logo-300x300.png 300w, https:\/\/needtohear.cz\/domains\/needtohear.cz\/wp-content\/uploads\/2025\/09\/summer_punk_party_volyne_logo-100x100.png 100w\" sizes=\"100vw\" \/>\t\t\t\t\t\t\t\t\t\t\t\t\t\t\t<\/div>\n\t\t\t\t<\/div>\n\t\t\t\t\t<\/div>\n\t\t<\/div>\n\t\t\t\t\t<\/div>\n\t\t<\/section>\n\t\t\t\t<section class=\"elementor-section elementor-top-section elementor-element elementor-element-993491c elementor-section-content-middle elementor-section-boxed elementor-section-height-default elementor-section-height-default\" data-id=\"993491c\" data-element_type=\"section\">\n\t\t\t\t\t\t<div class=\"elementor-container elementor-column-gap-default\">\n\t\t\t\t\t<div class=\"elementor-column elementor-col-33 elementor-top-column elementor-element elementor-element-20d7436\" data-id=\"20d7436\" data-element_type=\"column\">\n\t\t\t<div class=\"elementor-widget-wrap elementor-element-populated\">\n\t\t\t\t\t\t<div class=\"elementor-element elementor-element-76e238a elementor-widget elementor-widget-image\" data-id=\"76e238a\" data-element_type=\"widget\" data-widget_type=\"image.default\">\n\t\t\t\t<div class=\"elementor-widget-container\">\n\t\t\t\t\t\t\t\t\t\t\t\t\t\t\t<img loading=\"lazy\" decoding=\"async\" width=\"907\" height=\"131\" src=\"https:\/\/needtohear.cz\/domains\/needtohear.cz\/wp-content\/uploads\/2025\/09\/marat_music_logo-907x131.png\" class=\"attachment-large size-large wp-image-9152\" alt=\"\" srcset=\"https:\/\/needtohear.cz\/domains\/needtohear.cz\/wp-content\/uploads\/2025\/09\/marat_music_logo-907x131.png 907w, https:\/\/needtohear.cz\/domains\/needtohear.cz\/wp-content\/uploads\/2025\/09\/marat_music_logo-300x43.png 300w, https:\/\/needtohear.cz\/domains\/needtohear.cz\/wp-content\/uploads\/2025\/09\/marat_music_logo.png 1024w\" sizes=\"100vw\" \/>\t\t\t\t\t\t\t\t\t\t\t\t\t\t\t<\/div>\n\t\t\t\t<\/div>\n\t\t\t\t\t<\/div>\n\t\t<\/div>\n\t\t\t\t<div class=\"elementor-column elementor-col-33 elementor-top-column elementor-element elementor-element-8a03480\" data-id=\"8a03480\" data-element_type=\"column\">\n\t\t\t<div class=\"elementor-widget-wrap elementor-element-populated\">\n\t\t\t\t\t\t<div class=\"elementor-element elementor-element-a974262 elementor-widget elementor-widget-image\" data-id=\"a974262\" data-element_type=\"widget\" data-widget_type=\"image.default\">\n\t\t\t\t<div class=\"elementor-widget-container\">\n\t\t\t\t\t\t\t\t\t\t\t\t\t\t\t<img loading=\"lazy\" decoding=\"async\" width=\"700\" height=\"700\" src=\"https:\/\/needtohear.cz\/domains\/needtohear.cz\/wp-content\/uploads\/2025\/09\/pro_music_logo-700x700.png\" class=\"attachment-large size-large wp-image-9151\" alt=\"\" srcset=\"https:\/\/needtohear.cz\/domains\/needtohear.cz\/wp-content\/uploads\/2025\/09\/pro_music_logo-700x700.png 700w, https:\/\/needtohear.cz\/domains\/needtohear.cz\/wp-content\/uploads\/2025\/09\/pro_music_logo-300x300.png 300w, https:\/\/needtohear.cz\/domains\/needtohear.cz\/wp-content\/uploads\/2025\/09\/pro_music_logo-100x100.png 100w, https:\/\/needtohear.cz\/domains\/needtohear.cz\/wp-content\/uploads\/2025\/09\/pro_music_logo.png 1000w\" sizes=\"100vw\" \/>\t\t\t\t\t\t\t\t\t\t\t\t\t\t\t<\/div>\n\t\t\t\t<\/div>\n\t\t\t\t\t<\/div>\n\t\t<\/div>\n\t\t\t\t<div class=\"elementor-column elementor-col-33 elementor-top-column elementor-element elementor-element-6d8ed72\" data-id=\"6d8ed72\" data-element_type=\"column\">\n\t\t\t<div class=\"elementor-widget-wrap\">\n\t\t\t\t\t\t\t<\/div>\n\t\t<\/div>\n\t\t\t\t\t<\/div>\n\t\t<\/section>\n\t\t\t\t<\/div>\n\t\t","protected":false},"excerpt":{"rendered":"","protected":false},"author":4,"featured_media":0,"parent":0,"menu_order":0,"comment_status":"closed","ping_status":"closed","template":"","meta":{"_monsterinsights_skip_tracking":false,"_monsterinsights_sitenote_active":false,"_monsterinsights_sitenote_note":"","_monsterinsights_sitenote_category":0,"footnotes":""},"class_list":["post-3842","page","type-page","status-publish","hentry"],"yoast_head":"<!-- This site is optimized with the Yoast SEO plugin v25.9 - https:\/\/yoast.com\/wordpress\/plugins\/seo\/ -->\n<title>Spolupracujeme - Needtohear.cz<\/title>\n<meta name=\"robots\" content=\"index, follow, max-snippet:-1, max-image-preview:large, max-video-preview:-1\" \/>\n<link rel=\"canonical\" href=\"https:\/\/needtohear.cz\/domains\/needtohear.cz\/spolupracujeme\/\" \/>\n<meta property=\"og:locale\" content=\"cs_CZ\" \/>\n<meta property=\"og:type\" content=\"article\" \/>\n<meta property=\"og:title\" content=\"Spolupracujeme - Needtohear.cz\" \/>\n<meta property=\"og:url\" content=\"https:\/\/needtohear.cz\/domains\/needtohear.cz\/spolupracujeme\/\" \/>\n<meta property=\"og:site_name\" content=\"Needtohear.cz\" \/>\n<meta property=\"article:modified_time\" content=\"2026-02-18T11:33:07+00:00\" \/>\n<meta property=\"og:image\" content=\"http:\/\/needtohear.cz\/domains\/needtohear.cz\/wp-content\/uploads\/2025\/09\/rfp_logo.png\" \/>\n<meta name=\"twitter:card\" content=\"summary_large_image\" \/>\n<meta name=\"twitter:label1\" content=\"Odhadovan\u00e1 doba \u010dten\u00ed\" \/>\n\t<meta name=\"twitter:data1\" content=\"3 minuty\" \/>\n<script type=\"application\/ld+json\" class=\"yoast-schema-graph\">{\"@context\":\"https:\/\/schema.org\",\"@graph\":[{\"@type\":\"WebPage\",\"@id\":\"https:\/\/needtohear.cz\/domains\/needtohear.cz\/spolupracujeme\/\",\"url\":\"https:\/\/needtohear.cz\/domains\/needtohear.cz\/spolupracujeme\/\",\"name\":\"Spolupracujeme - Needtohear.cz\",\"isPartOf\":{\"@id\":\"https:\/\/needtohear.cz\/domains\/needtohear.cz\/#website\"},\"primaryImageOfPage\":{\"@id\":\"https:\/\/needtohear.cz\/domains\/needtohear.cz\/spolupracujeme\/#primaryimage\"},\"image\":{\"@id\":\"https:\/\/needtohear.cz\/domains\/needtohear.cz\/spolupracujeme\/#primaryimage\"},\"thumbnailUrl\":\"http:\/\/needtohear.cz\/domains\/needtohear.cz\/wp-content\/uploads\/2025\/09\/rfp_logo.png\",\"datePublished\":\"2022-08-24T11:28:29+00:00\",\"dateModified\":\"2026-02-18T11:33:07+00:00\",\"breadcrumb\":{\"@id\":\"https:\/\/needtohear.cz\/domains\/needtohear.cz\/spolupracujeme\/#breadcrumb\"},\"inLanguage\":\"cs\",\"potentialAction\":[{\"@type\":\"ReadAction\",\"target\":[\"https:\/\/needtohear.cz\/domains\/needtohear.cz\/spolupracujeme\/\"]}]},{\"@type\":\"ImageObject\",\"inLanguage\":\"cs\",\"@id\":\"https:\/\/needtohear.cz\/domains\/needtohear.cz\/spolupracujeme\/#primaryimage\",\"url\":\"https:\/\/needtohear.cz\/domains\/needtohear.cz\/wp-content\/uploads\/2025\/09\/rfp_logo.png\",\"contentUrl\":\"https:\/\/needtohear.cz\/domains\/needtohear.cz\/wp-content\/uploads\/2025\/09\/rfp_logo.png\",\"width\":477,\"height\":296},{\"@type\":\"BreadcrumbList\",\"@id\":\"https:\/\/needtohear.cz\/domains\/needtohear.cz\/spolupracujeme\/#breadcrumb\",\"itemListElement\":[{\"@type\":\"ListItem\",\"position\":1,\"name\":\"Dom\u016f\",\"item\":\"https:\/\/needtohear.cz\/domains\/needtohear.cz\/\"},{\"@type\":\"ListItem\",\"position\":2,\"name\":\"Spolupracujeme\"}]},{\"@type\":\"WebSite\",\"@id\":\"https:\/\/needtohear.cz\/domains\/needtohear.cz\/#website\",\"url\":\"https:\/\/needtohear.cz\/domains\/needtohear.cz\/\",\"name\":\"Needtohear.cz\",\"description\":\"Pot\u0159ebujete sly\u0161et!\",\"publisher\":{\"@id\":\"https:\/\/needtohear.cz\/domains\/needtohear.cz\/#organization\"},\"potentialAction\":[{\"@type\":\"SearchAction\",\"target\":{\"@type\":\"EntryPoint\",\"urlTemplate\":\"https:\/\/needtohear.cz\/domains\/needtohear.cz\/?s={search_term_string}\"},\"query-input\":{\"@type\":\"PropertyValueSpecification\",\"valueRequired\":true,\"valueName\":\"search_term_string\"}}],\"inLanguage\":\"cs\"},{\"@type\":\"Organization\",\"@id\":\"https:\/\/needtohear.cz\/domains\/needtohear.cz\/#organization\",\"name\":\"Needtohear.cz\",\"url\":\"https:\/\/needtohear.cz\/domains\/needtohear.cz\/\",\"logo\":{\"@type\":\"ImageObject\",\"inLanguage\":\"cs\",\"@id\":\"https:\/\/needtohear.cz\/domains\/needtohear.cz\/#\/schema\/logo\/image\/\",\"url\":\"https:\/\/needtohear.cz\/domains\/needtohear.cz\/wp-content\/uploads\/2025\/09\/nth_header_logo.png\",\"contentUrl\":\"https:\/\/needtohear.cz\/domains\/needtohear.cz\/wp-content\/uploads\/2025\/09\/nth_header_logo.png\",\"width\":600,\"height\":261,\"caption\":\"Needtohear.cz\"},\"image\":{\"@id\":\"https:\/\/needtohear.cz\/domains\/needtohear.cz\/#\/schema\/logo\/image\/\"}}]}<\/script>\n<!-- \/ Yoast SEO plugin. -->","yoast_head_json":{"title":"Spolupracujeme - Needtohear.cz","robots":{"index":"index","follow":"follow","max-snippet":"max-snippet:-1","max-image-preview":"max-image-preview:large","max-video-preview":"max-video-preview:-1"},"canonical":"https:\/\/needtohear.cz\/domains\/needtohear.cz\/spolupracujeme\/","og_locale":"cs_CZ","og_type":"article","og_title":"Spolupracujeme - Needtohear.cz","og_url":"https:\/\/needtohear.cz\/domains\/needtohear.cz\/spolupracujeme\/","og_site_name":"Needtohear.cz","article_modified_time":"2026-02-18T11:33:07+00:00","og_image":[{"url":"http:\/\/needtohear.cz\/domains\/needtohear.cz\/wp-content\/uploads\/2025\/09\/rfp_logo.png","type":"","width":"","height":""}],"twitter_card":"summary_large_image","twitter_misc":{"Odhadovan\u00e1 doba \u010dten\u00ed":"3 minuty"},"schema":{"@context":"https:\/\/schema.org","@graph":[{"@type":"WebPage","@id":"https:\/\/needtohear.cz\/domains\/needtohear.cz\/spolupracujeme\/","url":"https:\/\/needtohear.cz\/domains\/needtohear.cz\/spolupracujeme\/","name":"Spolupracujeme - Needtohear.cz","isPartOf":{"@id":"https:\/\/needtohear.cz\/domains\/needtohear.cz\/#website"},"primaryImageOfPage":{"@id":"https:\/\/needtohear.cz\/domains\/needtohear.cz\/spolupracujeme\/#primaryimage"},"image":{"@id":"https:\/\/needtohear.cz\/domains\/needtohear.cz\/spolupracujeme\/#primaryimage"},"thumbnailUrl":"http:\/\/needtohear.cz\/domains\/needtohear.cz\/wp-content\/uploads\/2025\/09\/rfp_logo.png","datePublished":"2022-08-24T11:28:29+00:00","dateModified":"2026-02-18T11:33:07+00:00","breadcrumb":{"@id":"https:\/\/needtohear.cz\/domains\/needtohear.cz\/spolupracujeme\/#breadcrumb"},"inLanguage":"cs","potentialAction":[{"@type":"ReadAction","target":["https:\/\/needtohear.cz\/domains\/needtohear.cz\/spolupracujeme\/"]}]},{"@type":"ImageObject","inLanguage":"cs","@id":"https:\/\/needtohear.cz\/domains\/needtohear.cz\/spolupracujeme\/#primaryimage","url":"https:\/\/needtohear.cz\/domains\/needtohear.cz\/wp-content\/uploads\/2025\/09\/rfp_logo.png","contentUrl":"https:\/\/needtohear.cz\/domains\/needtohear.cz\/wp-content\/uploads\/2025\/09\/rfp_logo.png","width":477,"height":296},{"@type":"BreadcrumbList","@id":"https:\/\/needtohear.cz\/domains\/needtohear.cz\/spolupracujeme\/#breadcrumb","itemListElement":[{"@type":"ListItem","position":1,"name":"Dom\u016f","item":"https:\/\/needtohear.cz\/domains\/needtohear.cz\/"},{"@type":"ListItem","position":2,"name":"Spolupracujeme"}]},{"@type":"WebSite","@id":"https:\/\/needtohear.cz\/domains\/needtohear.cz\/#website","url":"https:\/\/needtohear.cz\/domains\/needtohear.cz\/","name":"Needtohear.cz","description":"Pot\u0159ebujete sly\u0161et!","publisher":{"@id":"https:\/\/needtohear.cz\/domains\/needtohear.cz\/#organization"},"potentialAction":[{"@type":"SearchAction","target":{"@type":"EntryPoint","urlTemplate":"https:\/\/needtohear.cz\/domains\/needtohear.cz\/?s={search_term_string}"},"query-input":{"@type":"PropertyValueSpecification","valueRequired":true,"valueName":"search_term_string"}}],"inLanguage":"cs"},{"@type":"Organization","@id":"https:\/\/needtohear.cz\/domains\/needtohear.cz\/#organization","name":"Needtohear.cz","url":"https:\/\/needtohear.cz\/domains\/needtohear.cz\/","logo":{"@type":"ImageObject","inLanguage":"cs","@id":"https:\/\/needtohear.cz\/domains\/needtohear.cz\/#\/schema\/logo\/image\/","url":"https:\/\/needtohear.cz\/domains\/needtohear.cz\/wp-content\/uploads\/2025\/09\/nth_header_logo.png","contentUrl":"https:\/\/needtohear.cz\/domains\/needtohear.cz\/wp-content\/uploads\/2025\/09\/nth_header_logo.png","width":600,"height":261,"caption":"Needtohear.cz"},"image":{"@id":"https:\/\/needtohear.cz\/domains\/needtohear.cz\/#\/schema\/logo\/image\/"}}]}},"rttpg_featured_image_url":null,"rttpg_author":{"display_name":"Jan Vi\u0161\u0148\u00e1k","author_link":"https:\/\/needtohear.cz\/domains\/needtohear.cz\/author\/jan-visnak\/"},"rttpg_comment":0,"rttpg_category":null,"rttpg_excerpt":null,"_links":{"self":[{"href":"https:\/\/needtohear.cz\/domains\/needtohear.cz\/wp-json\/wp\/v2\/pages\/3842","targetHints":{"allow":["GET"]}}],"collection":[{"href":"https:\/\/needtohear.cz\/domains\/needtohear.cz\/wp-json\/wp\/v2\/pages"}],"about":[{"href":"https:\/\/needtohear.cz\/domains\/needtohear.cz\/wp-json\/wp\/v2\/types\/page"}],"author":[{"embeddable":true,"href":"https:\/\/needtohear.cz\/domains\/needtohear.cz\/wp-json\/wp\/v2\/users\/4"}],"replies":[{"embeddable":true,"href":"https:\/\/needtohear.cz\/domains\/needtohear.cz\/wp-json\/wp\/v2\/comments?post=3842"}],"version-history":[{"count":53,"href":"https:\/\/needtohear.cz\/domains\/needtohear.cz\/wp-json\/wp\/v2\/pages\/3842\/revisions"}],"predecessor-version":[{"id":10224,"href":"https:\/\/needtohear.cz\/domains\/needtohear.cz\/wp-json\/wp\/v2\/pages\/3842\/revisions\/10224"}],"wp:attachment":[{"href":"https:\/\/needtohear.cz\/domains\/needtohear.cz\/wp-json\/wp\/v2\/media?parent=3842"}],"curies":[{"name":"wp","href":"https:\/\/api.w.org\/{rel}","templated":true}]}}