{"id":7754,"date":"2025-02-12T12:36:01","date_gmt":"2025-02-12T11:36:01","guid":{"rendered":"https:\/\/needtohear.cz\/domains\/needtohear.cz\/?page_id=7754"},"modified":"2025-02-16T17:14:13","modified_gmt":"2025-02-16T16:14:13","slug":"nth-redakce","status":"publish","type":"page","link":"http:\/\/needtohear.cz\/domains\/needtohear.cz\/nth-redakce\/","title":{"rendered":"Private"},"content":{"rendered":"","protected":true},"excerpt":{"rendered":"","protected":true},"author":4,"featured_media":7755,"parent":0,"menu_order":3,"comment_status":"closed","ping_status":"closed","template":"","meta":{"_monsterinsights_skip_tracking":false,"_monsterinsights_sitenote_active":false,"_monsterinsights_sitenote_note":"","_monsterinsights_sitenote_category":0,"footnotes":""},"class_list":["post-7754","page","type-page","status-publish","post-password-required","hentry"],"yoast_head":"<!-- This site is optimized with the Yoast SEO plugin v25.9 - https:\/\/yoast.com\/wordpress\/plugins\/seo\/ -->\n<title>Private - Needtohear.cz<\/title>\n<meta name=\"robots\" content=\"index, follow, max-snippet:-1, max-image-preview:large, max-video-preview:-1\" \/>\n<link rel=\"canonical\" href=\"http:\/\/needtohear.cz\/domains\/needtohear.cz\/nth-redakce\/\" \/>\n<meta property=\"og:locale\" content=\"cs_CZ\" \/>\n<meta property=\"og:type\" content=\"article\" \/>\n<meta property=\"og:title\" content=\"Private - Needtohear.cz\" \/>\n<meta property=\"og:description\" content=\"Stru\u010dn\u00fd obsah p\u0159\u00edsp\u011bvku zde nen\u00ed uveden, proto\u017ee je tento p\u0159\u00edsp\u011bvek chr\u00e1n\u011bn heslem.\" \/>\n<meta property=\"og:url\" content=\"http:\/\/needtohear.cz\/domains\/needtohear.cz\/nth-redakce\/\" \/>\n<meta property=\"og:site_name\" content=\"Needtohear.cz\" \/>\n<meta property=\"article:modified_time\" content=\"2025-02-16T16:14:13+00:00\" \/>\n<meta name=\"twitter:card\" content=\"summary_large_image\" \/>\n<meta name=\"twitter:label1\" content=\"Odhadovan\u00e1 doba \u010dten\u00ed\" \/>\n\t<meta name=\"twitter:data1\" content=\"1 minuta\" \/>\n<script type=\"application\/ld+json\" class=\"yoast-schema-graph\">{\"@context\":\"https:\/\/schema.org\",\"@graph\":[{\"@type\":\"WebPage\",\"@id\":\"http:\/\/needtohear.cz\/domains\/needtohear.cz\/nth-redakce\/\",\"url\":\"http:\/\/needtohear.cz\/domains\/needtohear.cz\/nth-redakce\/\",\"name\":\"Private - Needtohear.cz\",\"isPartOf\":{\"@id\":\"http:\/\/needtohear.cz\/domains\/needtohear.cz\/#website\"},\"datePublished\":\"2025-02-12T11:36:01+00:00\",\"dateModified\":\"2025-02-16T16:14:13+00:00\",\"breadcrumb\":{\"@id\":\"http:\/\/needtohear.cz\/domains\/needtohear.cz\/nth-redakce\/#breadcrumb\"},\"inLanguage\":\"cs\"},{\"@type\":\"WebSite\",\"@id\":\"http:\/\/needtohear.cz\/domains\/needtohear.cz\/#website\",\"url\":\"http:\/\/needtohear.cz\/domains\/needtohear.cz\/\",\"name\":\"Needtohear.cz\",\"description\":\"Pot\u0159ebujete sly\u0161et!\",\"publisher\":{\"@id\":\"http:\/\/needtohear.cz\/domains\/needtohear.cz\/#organization\"},\"potentialAction\":[{\"@type\":\"SearchAction\",\"target\":{\"@type\":\"EntryPoint\",\"urlTemplate\":\"http:\/\/needtohear.cz\/domains\/needtohear.cz\/?s={search_term_string}\"},\"query-input\":{\"@type\":\"PropertyValueSpecification\",\"valueRequired\":true,\"valueName\":\"search_term_string\"}}],\"inLanguage\":\"cs\"},{\"@type\":\"Organization\",\"@id\":\"http:\/\/needtohear.cz\/domains\/needtohear.cz\/#organization\",\"name\":\"Needtohear.cz\",\"url\":\"http:\/\/needtohear.cz\/domains\/needtohear.cz\/\",\"logo\":{\"@type\":\"ImageObject\",\"inLanguage\":\"cs\",\"@id\":\"http:\/\/needtohear.cz\/domains\/needtohear.cz\/#\/schema\/logo\/image\/\",\"url\":\"http:\/\/needtohear.cz\/domains\/needtohear.cz\/wp-content\/uploads\/2025\/09\/nth_header_logo.png\",\"contentUrl\":\"http:\/\/needtohear.cz\/domains\/needtohear.cz\/wp-content\/uploads\/2025\/09\/nth_header_logo.png\",\"width\":600,\"height\":261,\"caption\":\"Needtohear.cz\"},\"image\":{\"@id\":\"http:\/\/needtohear.cz\/domains\/needtohear.cz\/#\/schema\/logo\/image\/\"}}]}<\/script>\n<!-- \/ Yoast SEO plugin. -->","yoast_head_json":{"title":"Private - Needtohear.cz","robots":{"index":"index","follow":"follow","max-snippet":"max-snippet:-1","max-image-preview":"max-image-preview:large","max-video-preview":"max-video-preview:-1"},"canonical":"http:\/\/needtohear.cz\/domains\/needtohear.cz\/nth-redakce\/","og_locale":"cs_CZ","og_type":"article","og_title":"Private - Needtohear.cz","og_description":"Stru\u010dn\u00fd obsah p\u0159\u00edsp\u011bvku zde nen\u00ed uveden, proto\u017ee je tento p\u0159\u00edsp\u011bvek chr\u00e1n\u011bn heslem.","og_url":"http:\/\/needtohear.cz\/domains\/needtohear.cz\/nth-redakce\/","og_site_name":"Needtohear.cz","article_modified_time":"2025-02-16T16:14:13+00:00","twitter_card":"summary_large_image","twitter_misc":{"Odhadovan\u00e1 doba \u010dten\u00ed":"1 minuta"},"schema":{"@context":"https:\/\/schema.org","@graph":[{"@type":"WebPage","@id":"http:\/\/needtohear.cz\/domains\/needtohear.cz\/nth-redakce\/","url":"http:\/\/needtohear.cz\/domains\/needtohear.cz\/nth-redakce\/","name":"Private - Needtohear.cz","isPartOf":{"@id":"http:\/\/needtohear.cz\/domains\/needtohear.cz\/#website"},"datePublished":"2025-02-12T11:36:01+00:00","dateModified":"2025-02-16T16:14:13+00:00","breadcrumb":{"@id":"http:\/\/needtohear.cz\/domains\/needtohear.cz\/nth-redakce\/#breadcrumb"},"inLanguage":"cs"},{"@type":"WebSite","@id":"http:\/\/needtohear.cz\/domains\/needtohear.cz\/#website","url":"http:\/\/needtohear.cz\/domains\/needtohear.cz\/","name":"Needtohear.cz","description":"Pot\u0159ebujete sly\u0161et!","publisher":{"@id":"http:\/\/needtohear.cz\/domains\/needtohear.cz\/#organization"},"potentialAction":[{"@type":"SearchAction","target":{"@type":"EntryPoint","urlTemplate":"http:\/\/needtohear.cz\/domains\/needtohear.cz\/?s={search_term_string}"},"query-input":{"@type":"PropertyValueSpecification","valueRequired":true,"valueName":"search_term_string"}}],"inLanguage":"cs"},{"@type":"Organization","@id":"http:\/\/needtohear.cz\/domains\/needtohear.cz\/#organization","name":"Needtohear.cz","url":"http:\/\/needtohear.cz\/domains\/needtohear.cz\/","logo":{"@type":"ImageObject","inLanguage":"cs","@id":"http:\/\/needtohear.cz\/domains\/needtohear.cz\/#\/schema\/logo\/image\/","url":"http:\/\/needtohear.cz\/domains\/needtohear.cz\/wp-content\/uploads\/2025\/09\/nth_header_logo.png","contentUrl":"http:\/\/needtohear.cz\/domains\/needtohear.cz\/wp-content\/uploads\/2025\/09\/nth_header_logo.png","width":600,"height":261,"caption":"Needtohear.cz"},"image":{"@id":"http:\/\/needtohear.cz\/domains\/needtohear.cz\/#\/schema\/logo\/image\/"}}]}},"rttpg_featured_image_url":{"full":["http:\/\/needtohear.cz\/domains\/needtohear.cz\/wp-content\/uploads\/2025\/02\/Need-To-Hear-9.png",3350,1469,false],"landscape":["http:\/\/needtohear.cz\/domains\/needtohear.cz\/wp-content\/uploads\/2025\/02\/Need-To-Hear-9.png",3350,1469,false],"portraits":["http:\/\/needtohear.cz\/domains\/needtohear.cz\/wp-content\/uploads\/2025\/02\/Need-To-Hear-9.png",3350,1469,false],"thumbnail":["http:\/\/needtohear.cz\/domains\/needtohear.cz\/wp-content\/uploads\/2025\/02\/Need-To-Hear-9-100x100.png",100,100,true],"medium":["http:\/\/needtohear.cz\/domains\/needtohear.cz\/wp-content\/uploads\/2025\/02\/Need-To-Hear-9-300x132.png",300,132,true],"large":["http:\/\/needtohear.cz\/domains\/needtohear.cz\/wp-content\/uploads\/2025\/02\/Need-To-Hear-9-907x398.png",907,398,true],"1536x1536":["http:\/\/needtohear.cz\/domains\/needtohear.cz\/wp-content\/uploads\/2025\/02\/Need-To-Hear-9-1536x674.png",1536,674,true],"2048x2048":["http:\/\/needtohear.cz\/domains\/needtohear.cz\/wp-content\/uploads\/2025\/02\/Need-To-Hear-9-2048x898.png",2048,898,true],"inspiro-featured-image":["http:\/\/needtohear.cz\/domains\/needtohear.cz\/wp-content\/uploads\/2025\/02\/Need-To-Hear-9-2000x877.png",2000,877,true],"inspiro-loop":["http:\/\/needtohear.cz\/domains\/needtohear.cz\/wp-content\/uploads\/2025\/02\/Need-To-Hear-9-950x320.png",950,320,true],"inspiro-loop@2x":["http:\/\/needtohear.cz\/domains\/needtohear.cz\/wp-content\/uploads\/2025\/02\/Need-To-Hear-9-1900x640.png",1900,640,true]},"rttpg_author":{"display_name":"Jan Vi\u0161\u0148\u00e1k","author_link":"http:\/\/needtohear.cz\/domains\/needtohear.cz\/author\/jan-visnak\/"},"rttpg_comment":0,"rttpg_category":null,"rttpg_excerpt":"Stru\u010dn\u00fd obsah p\u0159\u00edsp\u011bvku zde nen\u00ed uveden, proto\u017ee je tento p\u0159\u00edsp\u011bvek chr\u00e1n\u011bn heslem.","_links":{"self":[{"href":"http:\/\/needtohear.cz\/domains\/needtohear.cz\/wp-json\/wp\/v2\/pages\/7754","targetHints":{"allow":["GET"]}}],"collection":[{"href":"http:\/\/needtohear.cz\/domains\/needtohear.cz\/wp-json\/wp\/v2\/pages"}],"about":[{"href":"http:\/\/needtohear.cz\/domains\/needtohear.cz\/wp-json\/wp\/v2\/types\/page"}],"author":[{"embeddable":true,"href":"http:\/\/needtohear.cz\/domains\/needtohear.cz\/wp-json\/wp\/v2\/users\/4"}],"replies":[{"embeddable":true,"href":"http:\/\/needtohear.cz\/domains\/needtohear.cz\/wp-json\/wp\/v2\/comments?post=7754"}],"version-history":[{"count":9,"href":"http:\/\/needtohear.cz\/domains\/needtohear.cz\/wp-json\/wp\/v2\/pages\/7754\/revisions"}],"predecessor-version":[{"id":7774,"href":"http:\/\/needtohear.cz\/domains\/needtohear.cz\/wp-json\/wp\/v2\/pages\/7754\/revisions\/7774"}],"wp:featuredmedia":[{"embeddable":true,"href":"http:\/\/needtohear.cz\/domains\/needtohear.cz\/wp-json\/wp\/v2\/media\/7755"}],"wp:attachment":[{"href":"http:\/\/needtohear.cz\/domains\/needtohear.cz\/wp-json\/wp\/v2\/media?parent=7754"}],"curies":[{"name":"wp","href":"https:\/\/api.w.org\/{rel}","templated":true}]}}